{"id":470,"date":"2022-01-07T20:15:50","date_gmt":"2022-01-07T19:15:50","guid":{"rendered":"https:\/\/astro.markware.eu\/?page_id=470"},"modified":"2022-01-07T20:15:50","modified_gmt":"2022-01-07T19:15:50","slug":"newsletter","status":"publish","type":"page","link":"https:\/\/astro.markware.eu\/?page_id=470","title":{"rendered":"Newsletter"},"content":{"rendered":"<div class=\"tnp tnp-subscription \">\n<form method=\"post\" action=\"https:\/\/astro.markware.eu\/wp-admin\/admin-ajax.php?action=tnp&amp;na=s\">\n<input type=\"hidden\" name=\"nlang\" value=\"\">\n<div class=\"tnp-field tnp-field-firstname\"><label for=\"tnp-1\">Jm\u00e9no nebo cel\u00e9 jm\u00e9no<\/label>\n<input class=\"tnp-name\" type=\"text\" name=\"nn\" id=\"tnp-1\" value=\"\" placeholder=\"\"><\/div>\n<div class=\"tnp-field tnp-field-email\"><label for=\"tnp-2\">Email<\/label>\n<input class=\"tnp-email\" type=\"email\" name=\"ne\" id=\"tnp-2\" value=\"\" placeholder=\"\" required><\/div>\n<div class=\"tnp-field tnp-privacy-field\"><label><input type=\"checkbox\" name=\"ny\" required class=\"tnp-privacy\"> Pokra\u010dov\u00e1n\u00edm p\u0159ij\u00edm\u00e1te z\u00e1sady ochrany osobn\u00edch \u00fadaj\u016f<\/label><\/div><div class=\"tnp-field tnp-field-button\" style=\"text-align: left\"><input class=\"tnp-submit\" type=\"submit\" value=\"Odeb\u00edrat\" style=\"\">\n<\/div>\n<\/form>\n<\/div>\n\n ","protected":false},"excerpt":{"rendered":"","protected":false},"author":1,"featured_media":0,"parent":0,"menu_order":0,"comment_status":"closed","ping_status":"closed","template":"","meta":{"footnotes":""},"class_list":["post-470","page","type-page","status-publish","hentry"],"_links":{"self":[{"href":"https:\/\/astro.markware.eu\/index.php?rest_route=\/wp\/v2\/pages\/470","targetHints":{"allow":["GET"]}}],"collection":[{"href":"https:\/\/astro.markware.eu\/index.php?rest_route=\/wp\/v2\/pages"}],"about":[{"href":"https:\/\/astro.markware.eu\/index.php?rest_route=\/wp\/v2\/types\/page"}],"author":[{"embeddable":true,"href":"https:\/\/astro.markware.eu\/index.php?rest_route=\/wp\/v2\/users\/1"}],"replies":[{"embeddable":true,"href":"https:\/\/astro.markware.eu\/index.php?rest_route=%2Fwp%2Fv2%2Fcomments&post=470"}],"version-history":[{"count":0,"href":"https:\/\/astro.markware.eu\/index.php?rest_route=\/wp\/v2\/pages\/470\/revisions"}],"wp:attachment":[{"href":"https:\/\/astro.markware.eu\/index.php?rest_route=%2Fwp%2Fv2%2Fmedia&parent=470"}],"curies":[{"name":"wp","href":"https:\/\/api.w.org\/{rel}","templated":true}]}}