{"id":245,"date":"2019-12-05T09:42:40","date_gmt":"2019-12-05T08:42:40","guid":{"rendered":"https:\/\/astro.markware.eu\/?page_id=245"},"modified":"2022-01-02T12:27:51","modified_gmt":"2022-01-02T11:27:51","slug":"astro-tabor","status":"publish","type":"page","link":"https:\/\/astro.markware.eu\/?page_id=245","title":{"rendered":"Astro-t\u00e1bor"},"content":{"rendered":"\t\t<div data-elementor-type=\"wp-page\" data-elementor-id=\"245\" class=\"elementor elementor-245\">\n\t\t\t\t\t\t<section class=\"elementor-section elementor-top-section elementor-element elementor-element-205bc6d elementor-section-boxed elementor-section-height-default elementor-section-height-default\" data-id=\"205bc6d\" data-element_type=\"section\" data-e-type=\"section\">\n\t\t\t\t\t\t<div class=\"elementor-container elementor-column-gap-default\">\n\t\t\t\t\t<div class=\"elementor-column elementor-col-50 elementor-top-column elementor-element elementor-element-a11b3ad\" data-id=\"a11b3ad\" data-element_type=\"column\" data-e-type=\"column\">\n\t\t\t<div class=\"elementor-widget-wrap elementor-element-populated\">\n\t\t\t\t\t\t<div class=\"elementor-element elementor-element-87b1dfb elementor-widget elementor-widget-image\" data-id=\"87b1dfb\" data-element_type=\"widget\" data-e-type=\"widget\" data-widget_type=\"image.default\">\n\t\t\t\t<div class=\"elementor-widget-container\">\n\t\t\t\t\t\t\t\t\t\t\t\t\t\t\t<img fetchpriority=\"high\" decoding=\"async\" width=\"300\" height=\"187\" src=\"https:\/\/astro.markware.eu\/wp-content\/uploads\/astro_tabor\/tabor_hodice_2019-300x187.jpg\" class=\"attachment-medium size-medium wp-image-256\" alt=\"\" srcset=\"https:\/\/astro.markware.eu\/wp-content\/uploads\/astro_tabor\/tabor_hodice_2019-300x187.jpg 300w, https:\/\/astro.markware.eu\/wp-content\/uploads\/astro_tabor\/tabor_hodice_2019-1024x638.jpg 1024w, https:\/\/astro.markware.eu\/wp-content\/uploads\/astro_tabor\/tabor_hodice_2019-768x479.jpg 768w, https:\/\/astro.markware.eu\/wp-content\/uploads\/astro_tabor\/tabor_hodice_2019.JPG 1223w\" sizes=\"(max-width: 300px) 100vw, 300px\" \/>\t\t\t\t\t\t\t\t\t\t\t\t\t\t\t<\/div>\n\t\t\t\t<\/div>\n\t\t\t\t\t<\/div>\n\t\t<\/div>\n\t\t\t\t<div class=\"elementor-column elementor-col-50 elementor-top-column elementor-element elementor-element-3194fcb\" data-id=\"3194fcb\" data-element_type=\"column\" data-e-type=\"column\">\n\t\t\t<div class=\"elementor-widget-wrap elementor-element-populated\">\n\t\t\t\t\t\t<div class=\"elementor-element elementor-element-90d0f3d elementor-widget elementor-widget-text-editor\" data-id=\"90d0f3d\" data-element_type=\"widget\" data-e-type=\"widget\" data-widget_type=\"text-editor.default\">\n\t\t\t\t<div class=\"elementor-widget-container\">\n\t\t\t\t\t\t\t\t\t<p>Dne 29.10. 2009 se konal v Hodic\u00edch u T\u0159e\u0161t\u011b &#8222;P\u0159\u00edm\u011bstsk\u00fd d\u011btsk\u00fd t\u00e1bor&#8220; zam\u011b\u0159en\u00fd na vesm\u00edr a astronomii, na kter\u00e9m jsem m\u011bl tu p\u0159\u00edle\u017eitost prezentovat p\u0159edn\u00e1\u0161ku s n\u00e1zvem &#8222;Pozorov\u00e1n\u00ed d\u00e1lek no\u010dn\u00ed oblohy&#8220; s fyzickou uk\u00e1zkou teleskopu.<\/p>\t\t\t\t\t\t\t\t<\/div>\n\t\t\t\t<\/div>\n\t\t\t\t\t<\/div>\n\t\t<\/div>\n\t\t\t\t\t<\/div>\n\t\t<\/section>\n\t\t\t\t<section class=\"elementor-section elementor-top-section elementor-element elementor-element-a8e2f49 elementor-section-boxed elementor-section-height-default elementor-section-height-default\" data-id=\"a8e2f49\" data-element_type=\"section\" data-e-type=\"section\">\n\t\t\t\t\t\t<div class=\"elementor-container elementor-column-gap-default\">\n\t\t\t\t\t<div class=\"elementor-column elementor-col-100 elementor-top-column elementor-element elementor-element-886ec22\" data-id=\"886ec22\" data-element_type=\"column\" data-e-type=\"column\">\n\t\t\t<div class=\"elementor-widget-wrap elementor-element-populated\">\n\t\t\t\t\t\t<div class=\"elementor-element elementor-element-0f8ef93 elementor-align-right elementor-widget elementor-widget-button\" data-id=\"0f8ef93\" data-element_type=\"widget\" data-e-type=\"widget\" data-widget_type=\"button.default\">\n\t\t\t\t<div class=\"elementor-widget-container\">\n\t\t\t\t\t\t\t\t\t<div class=\"elementor-button-wrapper\">\n\t\t\t\t\t<a class=\"elementor-button elementor-button-link elementor-size-xs elementor-animation-grow\" href=\"https:\/\/astro.markware.eu\/wp-content\/uploads\/astro_tabor\/Pozorov\u00e1n\u00ed%20d\u00e1lek%20no\u010dn\u00ed%20oblohy_2019.pptx\" rel=\"nofollow\">\n\t\t\t\t\t\t<span class=\"elementor-button-content-wrapper\">\n\t\t\t\t\t\t<span class=\"elementor-button-icon\">\n\t\t\t\t<i aria-hidden=\"true\" class=\"fas fa-file-powerpoint\"><\/i>\t\t\t<\/span>\n\t\t\t\t\t\t\t\t\t<span class=\"elementor-button-text\">Prezentace<\/span>\n\t\t\t\t\t<\/span>\n\t\t\t\t\t<\/a>\n\t\t\t\t<\/div>\n\t\t\t\t\t\t\t\t<\/div>\n\t\t\t\t<\/div>\n\t\t\t\t\t<\/div>\n\t\t<\/div>\n\t\t\t\t\t<\/div>\n\t\t<\/section>\n\t\t\t\t<section class=\"elementor-section elementor-top-section elementor-element elementor-element-701928a elementor-section-boxed elementor-section-height-default elementor-section-height-default\" data-id=\"701928a\" data-element_type=\"section\" data-e-type=\"section\">\n\t\t\t\t\t\t<div class=\"elementor-container elementor-column-gap-default\">\n\t\t\t\t\t<div class=\"elementor-column elementor-col-100 elementor-top-column elementor-element elementor-element-8354c6c\" data-id=\"8354c6c\" data-element_type=\"column\" data-e-type=\"column\">\n\t\t\t<div class=\"elementor-widget-wrap elementor-element-populated\">\n\t\t\t\t\t\t<div class=\"elementor-element elementor-element-2b82754 elementor-widget elementor-widget-image-gallery\" data-id=\"2b82754\" data-element_type=\"widget\" data-e-type=\"widget\" data-widget_type=\"image-gallery.default\">\n\t\t\t\t<div class=\"elementor-widget-container\">\n\t\t\t\t\t\t\t<div class=\"elementor-image-gallery\">\n\t\t\t\n\t\t<style type=\"text\/css\">\n\t\t\t#gallery-1 {\n\t\t\t\tmargin: auto;\n\t\t\t}\n\t\t\t#gallery-1 .gallery-item {\n\t\t\t\tfloat: left;\n\t\t\t\tmargin-top: 10px;\n\t\t\t\ttext-align: center;\n\t\t\t\twidth: 25%;\n\t\t\t}\n\t\t\t#gallery-1 img {\n\t\t\t\tborder: 2px solid #cfcfcf;\n\t\t\t}\n\t\t\t#gallery-1 .gallery-caption {\n\t\t\t\tmargin-left: 0;\n\t\t\t}\n\t\t\t\/* see gallery_shortcode() in wp-includes\/media.php *\/\n\t\t<\/style>\n\t\t<div id='gallery-1' class='gallery galleryid-245 gallery-columns-4 gallery-size-full'><dl class='gallery-item'>\n\t\t\t<dt class='gallery-icon landscape'>\n\t\t\t\t<a data-elementor-open-lightbox=\"yes\" data-elementor-lightbox-slideshow=\"2b82754\" data-elementor-lightbox-title=\"Astro_Hodice_2019\" data-e-action-hash=\"#elementor-action%3Aaction%3Dlightbox%26settings%3DeyJpZCI6MjUxLCJ1cmwiOiJodHRwczpcL1wvYXN0cm8ubWFya3dhcmUuZXVcL3dwLWNvbnRlbnRcL3VwbG9hZHNcL2FzdHJvX3RhYm9yXC9QQTI5MDU4NF9JU08gMjAwXzEtNDAgcyB2IGYgLSAyLDBfNi4yIG1tLmpwZyIsInNsaWRlc2hvdyI6IjJiODI3NTQifQ%3D%3D\" href='https:\/\/astro.markware.eu\/wp-content\/uploads\/astro_tabor\/PA290584_ISO%20200_1-40%20s%20v%20f%20-%202,0_6.2%20mm.jpg'><img decoding=\"async\" width=\"1280\" height=\"960\" src=\"https:\/\/astro.markware.eu\/wp-content\/uploads\/astro_tabor\/PA290584_ISO 200_1-40 s v f - 2,0_6.2 mm.jpg\" class=\"attachment-full size-full\" alt=\"\" aria-describedby=\"gallery-1-251\" srcset=\"https:\/\/astro.markware.eu\/wp-content\/uploads\/astro_tabor\/PA290584_ISO%20200_1-40%20s%20v%20f%20-%202,0_6.2%20mm.jpg 1280w, https:\/\/astro.markware.eu\/wp-content\/uploads\/astro_tabor\/PA290584_ISO%20200_1-40%20s%20v%20f%20-%202,0_6.2%20mm-300x225.jpg 300w, https:\/\/astro.markware.eu\/wp-content\/uploads\/astro_tabor\/PA290584_ISO%20200_1-40%20s%20v%20f%20-%202,0_6.2%20mm-1024x768.jpg 1024w, https:\/\/astro.markware.eu\/wp-content\/uploads\/astro_tabor\/PA290584_ISO%20200_1-40%20s%20v%20f%20-%202,0_6.2%20mm-768x576.jpg 768w\" sizes=\"(max-width: 1280px) 100vw, 1280px\" \/><\/a>\n\t\t\t<\/dt>\n\t\t\t\t<dd class='wp-caption-text gallery-caption' id='gallery-1-251'>\n\t\t\t\tAstro_Hodice_2019\n\t\t\t\t<\/dd><\/dl><dl class='gallery-item'>\n\t\t\t<dt class='gallery-icon landscape'>\n\t\t\t\t<a data-elementor-open-lightbox=\"yes\" data-elementor-lightbox-slideshow=\"2b82754\" data-elementor-lightbox-title=\"Astro_Hodice_2019\" data-e-action-hash=\"#elementor-action%3Aaction%3Dlightbox%26settings%3DeyJpZCI6MjUyLCJ1cmwiOiJodHRwczpcL1wvYXN0cm8ubWFya3dhcmUuZXVcL3dwLWNvbnRlbnRcL3VwbG9hZHNcL2FzdHJvX3RhYm9yXC9QQTI5MDU4Nl9JU08gMjAwXzEtNDAgcyB2IGYgLSAyLDBfNi4yIG1tLmpwZyIsInNsaWRlc2hvdyI6IjJiODI3NTQifQ%3D%3D\" href='https:\/\/astro.markware.eu\/wp-content\/uploads\/astro_tabor\/PA290586_ISO%20200_1-40%20s%20v%20f%20-%202,0_6.2%20mm.jpg'><img decoding=\"async\" width=\"1280\" height=\"960\" src=\"https:\/\/astro.markware.eu\/wp-content\/uploads\/astro_tabor\/PA290586_ISO 200_1-40 s v f - 2,0_6.2 mm.jpg\" class=\"attachment-full size-full\" alt=\"\" aria-describedby=\"gallery-1-252\" srcset=\"https:\/\/astro.markware.eu\/wp-content\/uploads\/astro_tabor\/PA290586_ISO%20200_1-40%20s%20v%20f%20-%202,0_6.2%20mm.jpg 1280w, https:\/\/astro.markware.eu\/wp-content\/uploads\/astro_tabor\/PA290586_ISO%20200_1-40%20s%20v%20f%20-%202,0_6.2%20mm-300x225.jpg 300w, https:\/\/astro.markware.eu\/wp-content\/uploads\/astro_tabor\/PA290586_ISO%20200_1-40%20s%20v%20f%20-%202,0_6.2%20mm-1024x768.jpg 1024w, https:\/\/astro.markware.eu\/wp-content\/uploads\/astro_tabor\/PA290586_ISO%20200_1-40%20s%20v%20f%20-%202,0_6.2%20mm-768x576.jpg 768w\" sizes=\"(max-width: 1280px) 100vw, 1280px\" \/><\/a>\n\t\t\t<\/dt>\n\t\t\t\t<dd class='wp-caption-text gallery-caption' id='gallery-1-252'>\n\t\t\t\tAstro_Hodice_2019\n\t\t\t\t<\/dd><\/dl><dl class='gallery-item'>\n\t\t\t<dt class='gallery-icon landscape'>\n\t\t\t\t<a data-elementor-open-lightbox=\"yes\" data-elementor-lightbox-slideshow=\"2b82754\" data-elementor-lightbox-title=\"Astro_Hodice_2019\" data-e-action-hash=\"#elementor-action%3Aaction%3Dlightbox%26settings%3DeyJpZCI6MjUwLCJ1cmwiOiJodHRwczpcL1wvYXN0cm8ubWFya3dhcmUuZXVcL3dwLWNvbnRlbnRcL3VwbG9hZHNcL2FzdHJvX3RhYm9yXC9QQTI5MDU4Ml9JU08gMjAwXzEtNjAgcyB2IGYgLSAyLDJfMTAgbW0uanBnIiwic2xpZGVzaG93IjoiMmI4Mjc1NCJ9\" href='https:\/\/astro.markware.eu\/wp-content\/uploads\/astro_tabor\/PA290582_ISO%20200_1-60%20s%20v%20f%20-%202,2_10%20mm.jpg'><img loading=\"lazy\" decoding=\"async\" width=\"1280\" height=\"960\" src=\"https:\/\/astro.markware.eu\/wp-content\/uploads\/astro_tabor\/PA290582_ISO 200_1-60 s v f - 2,2_10 mm.jpg\" class=\"attachment-full size-full\" alt=\"\" aria-describedby=\"gallery-1-250\" srcset=\"https:\/\/astro.markware.eu\/wp-content\/uploads\/astro_tabor\/PA290582_ISO%20200_1-60%20s%20v%20f%20-%202,2_10%20mm.jpg 1280w, https:\/\/astro.markware.eu\/wp-content\/uploads\/astro_tabor\/PA290582_ISO%20200_1-60%20s%20v%20f%20-%202,2_10%20mm-300x225.jpg 300w, https:\/\/astro.markware.eu\/wp-content\/uploads\/astro_tabor\/PA290582_ISO%20200_1-60%20s%20v%20f%20-%202,2_10%20mm-1024x768.jpg 1024w, https:\/\/astro.markware.eu\/wp-content\/uploads\/astro_tabor\/PA290582_ISO%20200_1-60%20s%20v%20f%20-%202,2_10%20mm-768x576.jpg 768w\" sizes=\"(max-width: 1280px) 100vw, 1280px\" \/><\/a>\n\t\t\t<\/dt>\n\t\t\t\t<dd class='wp-caption-text gallery-caption' id='gallery-1-250'>\n\t\t\t\tAstro_Hodice_2019\n\t\t\t\t<\/dd><\/dl><dl class='gallery-item'>\n\t\t\t<dt class='gallery-icon landscape'>\n\t\t\t\t<a data-elementor-open-lightbox=\"yes\" data-elementor-lightbox-slideshow=\"2b82754\" data-elementor-lightbox-title=\"Astro_Hodice_2019\" data-e-action-hash=\"#elementor-action%3Aaction%3Dlightbox%26settings%3DeyJpZCI6MjQ5LCJ1cmwiOiJodHRwczpcL1wvYXN0cm8ubWFya3dhcmUuZXVcL3dwLWNvbnRlbnRcL3VwbG9hZHNcL2FzdHJvX3RhYm9yXC9QQTI5MDU3OV9JU08gMjAwXzEtODAgcyB2IGYgLSAyLDJfMTAgbW0uanBnIiwic2xpZGVzaG93IjoiMmI4Mjc1NCJ9\" href='https:\/\/astro.markware.eu\/wp-content\/uploads\/astro_tabor\/PA290579_ISO%20200_1-80%20s%20v%20f%20-%202,2_10%20mm.jpg'><img loading=\"lazy\" decoding=\"async\" width=\"1280\" height=\"960\" src=\"https:\/\/astro.markware.eu\/wp-content\/uploads\/astro_tabor\/PA290579_ISO 200_1-80 s v f - 2,2_10 mm.jpg\" class=\"attachment-full size-full\" alt=\"\" aria-describedby=\"gallery-1-249\" srcset=\"https:\/\/astro.markware.eu\/wp-content\/uploads\/astro_tabor\/PA290579_ISO%20200_1-80%20s%20v%20f%20-%202,2_10%20mm.jpg 1280w, https:\/\/astro.markware.eu\/wp-content\/uploads\/astro_tabor\/PA290579_ISO%20200_1-80%20s%20v%20f%20-%202,2_10%20mm-300x225.jpg 300w, https:\/\/astro.markware.eu\/wp-content\/uploads\/astro_tabor\/PA290579_ISO%20200_1-80%20s%20v%20f%20-%202,2_10%20mm-1024x768.jpg 1024w, https:\/\/astro.markware.eu\/wp-content\/uploads\/astro_tabor\/PA290579_ISO%20200_1-80%20s%20v%20f%20-%202,2_10%20mm-768x576.jpg 768w\" sizes=\"(max-width: 1280px) 100vw, 1280px\" \/><\/a>\n\t\t\t<\/dt>\n\t\t\t\t<dd class='wp-caption-text gallery-caption' id='gallery-1-249'>\n\t\t\t\tAstro_Hodice_2019\n\t\t\t\t<\/dd><\/dl><br style=\"clear: both\" \/><dl class='gallery-item'>\n\t\t\t<dt class='gallery-icon landscape'>\n\t\t\t\t<a data-elementor-open-lightbox=\"yes\" data-elementor-lightbox-slideshow=\"2b82754\" data-elementor-lightbox-title=\"Astro_Hodice_2019\" data-e-action-hash=\"#elementor-action%3Aaction%3Dlightbox%26settings%3DeyJpZCI6MjQ4LCJ1cmwiOiJodHRwczpcL1wvYXN0cm8ubWFya3dhcmUuZXVcL3dwLWNvbnRlbnRcL3VwbG9hZHNcL2FzdHJvX3RhYm9yXC9QQTI5MDU3OF9JU08gMjAwXzEtNjAgcyB2IGYgLSAyLDJfMTAgbW0uanBnIiwic2xpZGVzaG93IjoiMmI4Mjc1NCJ9\" href='https:\/\/astro.markware.eu\/wp-content\/uploads\/astro_tabor\/PA290578_ISO%20200_1-60%20s%20v%20f%20-%202,2_10%20mm.jpg'><img loading=\"lazy\" decoding=\"async\" width=\"1280\" height=\"960\" src=\"https:\/\/astro.markware.eu\/wp-content\/uploads\/astro_tabor\/PA290578_ISO 200_1-60 s v f - 2,2_10 mm.jpg\" class=\"attachment-full size-full\" alt=\"\" aria-describedby=\"gallery-1-248\" srcset=\"https:\/\/astro.markware.eu\/wp-content\/uploads\/astro_tabor\/PA290578_ISO%20200_1-60%20s%20v%20f%20-%202,2_10%20mm.jpg 1280w, https:\/\/astro.markware.eu\/wp-content\/uploads\/astro_tabor\/PA290578_ISO%20200_1-60%20s%20v%20f%20-%202,2_10%20mm-300x225.jpg 300w, https:\/\/astro.markware.eu\/wp-content\/uploads\/astro_tabor\/PA290578_ISO%20200_1-60%20s%20v%20f%20-%202,2_10%20mm-1024x768.jpg 1024w, https:\/\/astro.markware.eu\/wp-content\/uploads\/astro_tabor\/PA290578_ISO%20200_1-60%20s%20v%20f%20-%202,2_10%20mm-768x576.jpg 768w\" sizes=\"(max-width: 1280px) 100vw, 1280px\" \/><\/a>\n\t\t\t<\/dt>\n\t\t\t\t<dd class='wp-caption-text gallery-caption' id='gallery-1-248'>\n\t\t\t\tAstro_Hodice_2019\n\t\t\t\t<\/dd><\/dl><dl class='gallery-item'>\n\t\t\t<dt class='gallery-icon landscape'>\n\t\t\t\t<a data-elementor-open-lightbox=\"yes\" data-elementor-lightbox-slideshow=\"2b82754\" data-elementor-lightbox-title=\"Astro_Hodice_2019\" data-e-action-hash=\"#elementor-action%3Aaction%3Dlightbox%26settings%3DeyJpZCI6MjUzLCJ1cmwiOiJodHRwczpcL1wvYXN0cm8ubWFya3dhcmUuZXVcL3dwLWNvbnRlbnRcL3VwbG9hZHNcL2FzdHJvX3RhYm9yXC9QQTI5MDU5Ml9JU08gMTAwXzEtMTAwIHMgdiBmIC0gMiwyXzQuNyBtbS5qcGciLCJzbGlkZXNob3ciOiIyYjgyNzU0In0%3D\" href='https:\/\/astro.markware.eu\/wp-content\/uploads\/astro_tabor\/PA290592_ISO%20100_1-100%20s%20v%20f%20-%202,2_4.7%20mm.jpg'><img loading=\"lazy\" decoding=\"async\" width=\"1280\" height=\"960\" src=\"https:\/\/astro.markware.eu\/wp-content\/uploads\/astro_tabor\/PA290592_ISO 100_1-100 s v f - 2,2_4.7 mm.jpg\" class=\"attachment-full size-full\" alt=\"\" aria-describedby=\"gallery-1-253\" srcset=\"https:\/\/astro.markware.eu\/wp-content\/uploads\/astro_tabor\/PA290592_ISO%20100_1-100%20s%20v%20f%20-%202,2_4.7%20mm.jpg 1280w, https:\/\/astro.markware.eu\/wp-content\/uploads\/astro_tabor\/PA290592_ISO%20100_1-100%20s%20v%20f%20-%202,2_4.7%20mm-300x225.jpg 300w, https:\/\/astro.markware.eu\/wp-content\/uploads\/astro_tabor\/PA290592_ISO%20100_1-100%20s%20v%20f%20-%202,2_4.7%20mm-1024x768.jpg 1024w, https:\/\/astro.markware.eu\/wp-content\/uploads\/astro_tabor\/PA290592_ISO%20100_1-100%20s%20v%20f%20-%202,2_4.7%20mm-768x576.jpg 768w\" sizes=\"(max-width: 1280px) 100vw, 1280px\" \/><\/a>\n\t\t\t<\/dt>\n\t\t\t\t<dd class='wp-caption-text gallery-caption' id='gallery-1-253'>\n\t\t\t\tAstro_Hodice_2019\n\t\t\t\t<\/dd><\/dl><dl class='gallery-item'>\n\t\t\t<dt class='gallery-icon landscape'>\n\t\t\t\t<a data-elementor-open-lightbox=\"yes\" data-elementor-lightbox-slideshow=\"2b82754\" data-elementor-lightbox-title=\"Astro_Hodice_2019\" data-e-action-hash=\"#elementor-action%3Aaction%3Dlightbox%26settings%3DeyJpZCI6MjU0LCJ1cmwiOiJodHRwczpcL1wvYXN0cm8ubWFya3dhcmUuZXVcL3dwLWNvbnRlbnRcL3VwbG9hZHNcL2FzdHJvX3RhYm9yXC9QQTI5MDU5NV9JU08gMTAwXzEtMTI1IHMgdiBmIC0gMiwyXzQuNyBtbS5qcGciLCJzbGlkZXNob3ciOiIyYjgyNzU0In0%3D\" href='https:\/\/astro.markware.eu\/wp-content\/uploads\/astro_tabor\/PA290595_ISO%20100_1-125%20s%20v%20f%20-%202,2_4.7%20mm.jpg'><img loading=\"lazy\" decoding=\"async\" width=\"1280\" height=\"960\" src=\"https:\/\/astro.markware.eu\/wp-content\/uploads\/astro_tabor\/PA290595_ISO 100_1-125 s v f - 2,2_4.7 mm.jpg\" class=\"attachment-full size-full\" alt=\"\" aria-describedby=\"gallery-1-254\" srcset=\"https:\/\/astro.markware.eu\/wp-content\/uploads\/astro_tabor\/PA290595_ISO%20100_1-125%20s%20v%20f%20-%202,2_4.7%20mm.jpg 1280w, https:\/\/astro.markware.eu\/wp-content\/uploads\/astro_tabor\/PA290595_ISO%20100_1-125%20s%20v%20f%20-%202,2_4.7%20mm-300x225.jpg 300w, https:\/\/astro.markware.eu\/wp-content\/uploads\/astro_tabor\/PA290595_ISO%20100_1-125%20s%20v%20f%20-%202,2_4.7%20mm-1024x768.jpg 1024w, https:\/\/astro.markware.eu\/wp-content\/uploads\/astro_tabor\/PA290595_ISO%20100_1-125%20s%20v%20f%20-%202,2_4.7%20mm-768x576.jpg 768w\" sizes=\"(max-width: 1280px) 100vw, 1280px\" \/><\/a>\n\t\t\t<\/dt>\n\t\t\t\t<dd class='wp-caption-text gallery-caption' id='gallery-1-254'>\n\t\t\t\tAstro_Hodice_2019\n\t\t\t\t<\/dd><\/dl>\n\t\t\t<br style='clear: both' \/>\n\t\t<\/div>\n\t\t<\/div>\n\t\t\t\t\t\t<\/div>\n\t\t\t\t<\/div>\n\t\t\t\t\t<\/div>\n\t\t<\/div>\n\t\t\t\t\t<\/div>\n\t\t<\/section>\n\t\t\t\t<\/div>\n\t\t ","protected":false},"excerpt":{"rendered":"<p>Dne 29.10. 2009 se konal v Hodic\u00edch u T\u0159e\u0161t\u011b &#8222;P\u0159\u00edm\u011bstsk\u00fd d\u011btsk\u00fd t\u00e1bor&#8220; zam\u011b\u0159en\u00fd na vesm\u00edr a astronomii, na kter\u00e9m jsem m\u011bl tu p\u0159\u00edle\u017eitost prezentovat p\u0159edn\u00e1\u0161ku s n\u00e1zvem &#8222;Pozorov\u00e1n\u00ed d\u00e1lek no\u010dn\u00ed oblohy&#8220; s fyzickou uk\u00e1zkou teleskopu. Prezentace Astro_Hodice_2019 Astro_Hodice_2019 Astro_Hodice_2019 Astro_Hodice_2019 Astro_Hodice_2019 Astro_Hodice_2019 Astro_Hodice_2019<\/p>\n","protected":false},"author":1,"featured_media":0,"parent":0,"menu_order":0,"comment_status":"closed","ping_status":"closed","template":"","meta":{"footnotes":""},"class_list":["post-245","page","type-page","status-publish","hentry"],"_links":{"self":[{"href":"https:\/\/astro.markware.eu\/index.php?rest_route=\/wp\/v2\/pages\/245","targetHints":{"allow":["GET"]}}],"collection":[{"href":"https:\/\/astro.markware.eu\/index.php?rest_route=\/wp\/v2\/pages"}],"about":[{"href":"https:\/\/astro.markware.eu\/index.php?rest_route=\/wp\/v2\/types\/page"}],"author":[{"embeddable":true,"href":"https:\/\/astro.markware.eu\/index.php?rest_route=\/wp\/v2\/users\/1"}],"replies":[{"embeddable":true,"href":"https:\/\/astro.markware.eu\/index.php?rest_route=%2Fwp%2Fv2%2Fcomments&post=245"}],"version-history":[{"count":15,"href":"https:\/\/astro.markware.eu\/index.php?rest_route=\/wp\/v2\/pages\/245\/revisions"}],"predecessor-version":[{"id":408,"href":"https:\/\/astro.markware.eu\/index.php?rest_route=\/wp\/v2\/pages\/245\/revisions\/408"}],"wp:attachment":[{"href":"https:\/\/astro.markware.eu\/index.php?rest_route=%2Fwp%2Fv2%2Fmedia&parent=245"}],"curies":[{"name":"wp","href":"https:\/\/api.w.org\/{rel}","templated":true}]}}