{"id":15,"date":"2020-09-24T14:17:50","date_gmt":"2020-09-24T12:17:50","guid":{"rendered":"https:\/\/astro.markware.eu\/?page_id=15"},"modified":"2023-03-09T12:49:30","modified_gmt":"2023-03-09T11:49:30","slug":"o-blogu","status":"publish","type":"page","link":"https:\/\/astro.markware.eu\/?page_id=15","title":{"rendered":"O blogu &#8230;"},"content":{"rendered":"\t\t<div data-elementor-type=\"wp-post\" data-elementor-id=\"15\" class=\"elementor elementor-15\">\n\t\t\t\t\t\t<section class=\"elementor-section elementor-top-section elementor-element elementor-element-8359e5f elementor-section-boxed elementor-section-height-default elementor-section-height-default\" data-id=\"8359e5f\" data-element_type=\"section\" data-e-type=\"section\">\n\t\t\t\t\t\t<div class=\"elementor-container elementor-column-gap-default\">\n\t\t\t\t\t<div class=\"elementor-column elementor-col-100 elementor-top-column elementor-element elementor-element-88bdb8b\" data-id=\"88bdb8b\" data-element_type=\"column\" data-e-type=\"column\">\n\t\t\t<div class=\"elementor-widget-wrap elementor-element-populated\">\n\t\t\t\t\t\t<div class=\"elementor-element elementor-element-8b42ff0 elementor-widget elementor-widget-text-editor\" data-id=\"8b42ff0\" data-element_type=\"widget\" data-e-type=\"widget\" data-widget_type=\"text-editor.default\">\n\t\t\t\t<div class=\"elementor-widget-container\">\n\t\t\t\t\t\t\t\t\t<p><em data-rich-text-format-boundary=\"true\">Fascinuj\u00edc\u00ed z\u00e1pady slunce, sv\u00edt\u00edc\u00ed oblaka, mystick\u00fd m\u011bs\u00edc, \u010d\u00e1ste\u010dn\u00e9 ale i \u00fapln\u00e9 zatm\u011bn\u00ed m\u011bs\u00edce, sv\u00edt\u00edc\u00ed oblaka, komety, planety, mlhoviny &#8230; <\/em><\/p>\t\t\t\t\t\t\t\t<\/div>\n\t\t\t\t<\/div>\n\t\t\t\t\t<\/div>\n\t\t<\/div>\n\t\t\t\t\t<\/div>\n\t\t<\/section>\n\t\t\t\t<section class=\"elementor-section elementor-top-section elementor-element elementor-element-321d19a elementor-section-boxed elementor-section-height-default elementor-section-height-default\" data-id=\"321d19a\" data-element_type=\"section\" data-e-type=\"section\">\n\t\t\t\t\t\t<div class=\"elementor-container elementor-column-gap-default\">\n\t\t\t\t\t<div class=\"elementor-column elementor-col-33 elementor-top-column elementor-element elementor-element-ec102e1\" data-id=\"ec102e1\" data-element_type=\"column\" data-e-type=\"column\">\n\t\t\t<div class=\"elementor-widget-wrap elementor-element-populated\">\n\t\t\t\t\t\t<div class=\"elementor-element elementor-element-0f39ac5 elementor-widget elementor-widget-image\" data-id=\"0f39ac5\" data-element_type=\"widget\" data-e-type=\"widget\" data-widget_type=\"image.default\">\n\t\t\t\t<div class=\"elementor-widget-container\">\n\t\t\t\t\t\t\t\t\t\t\t\t\t\t\t<img decoding=\"async\" width=\"150\" height=\"150\" src=\"https:\/\/astro.markware.eu\/wp-content\/uploads\/astro_photo\/2017\/partial_lunar_eclipse\/IMG_20170807_211218-uprava_ISO 188_1-25 s v f - 2,0_3.5 mm-150x150.jpg\" class=\"attachment-thumbnail size-thumbnail wp-image-30\" alt=\"\" \/>\t\t\t\t\t\t\t\t\t\t\t\t\t\t\t<\/div>\n\t\t\t\t<\/div>\n\t\t\t\t\t<\/div>\n\t\t<\/div>\n\t\t\t\t<div class=\"elementor-column elementor-col-33 elementor-top-column elementor-element elementor-element-2644dbf\" data-id=\"2644dbf\" data-element_type=\"column\" data-e-type=\"column\">\n\t\t\t<div class=\"elementor-widget-wrap elementor-element-populated\">\n\t\t\t\t\t\t<div class=\"elementor-element elementor-element-8702a7d elementor-widget elementor-widget-image\" data-id=\"8702a7d\" data-element_type=\"widget\" data-e-type=\"widget\" data-widget_type=\"image.default\">\n\t\t\t\t<div class=\"elementor-widget-container\">\n\t\t\t\t\t\t\t\t\t\t\t\t\t\t\t<img decoding=\"async\" width=\"150\" height=\"150\" src=\"https:\/\/astro.markware.eu\/wp-content\/uploads\/astro_photo\/2017\/IMG_20170915_190653_ISO 96_1-180 s v f - 2,0_3.5 mm-150x150.jpg\" class=\"attachment-thumbnail size-thumbnail wp-image-25\" alt=\"\" \/>\t\t\t\t\t\t\t\t\t\t\t\t\t\t\t<\/div>\n\t\t\t\t<\/div>\n\t\t\t\t\t<\/div>\n\t\t<\/div>\n\t\t\t\t<div class=\"elementor-column elementor-col-33 elementor-top-column elementor-element elementor-element-451cd91\" data-id=\"451cd91\" data-element_type=\"column\" data-e-type=\"column\">\n\t\t\t<div class=\"elementor-widget-wrap elementor-element-populated\">\n\t\t\t\t\t\t<div class=\"elementor-element elementor-element-0246bb9 elementor-widget elementor-widget-image\" data-id=\"0246bb9\" data-element_type=\"widget\" data-e-type=\"widget\" data-widget_type=\"image.default\">\n\t\t\t\t<div class=\"elementor-widget-container\">\n\t\t\t\t\t\t\t\t\t\t\t\t\t\t\t<img decoding=\"async\" width=\"150\" height=\"150\" src=\"https:\/\/astro.markware.eu\/wp-content\/uploads\/2020\/09\/Autosave003-2_ISO3200_f4-0_10s_70mm_20xBIAS-150x150.jpg\" class=\"attachment-thumbnail size-thumbnail wp-image-200\" alt=\"\" \/>\t\t\t\t\t\t\t\t\t\t\t\t\t\t\t<\/div>\n\t\t\t\t<\/div>\n\t\t\t\t\t<\/div>\n\t\t<\/div>\n\t\t\t\t\t<\/div>\n\t\t<\/section>\n\t\t\t\t<section class=\"elementor-section elementor-top-section elementor-element elementor-element-00cd068 elementor-section-boxed elementor-section-height-default elementor-section-height-default\" data-id=\"00cd068\" data-element_type=\"section\" data-e-type=\"section\">\n\t\t\t\t\t\t<div class=\"elementor-container elementor-column-gap-default\">\n\t\t\t\t\t<div class=\"elementor-column elementor-col-100 elementor-top-column elementor-element elementor-element-7a6d500\" data-id=\"7a6d500\" data-element_type=\"column\" data-e-type=\"column\">\n\t\t\t<div class=\"elementor-widget-wrap elementor-element-populated\">\n\t\t\t\t\t\t<div class=\"elementor-element elementor-element-16a3007 elementor-widget elementor-widget-text-editor\" data-id=\"16a3007\" data-element_type=\"widget\" data-e-type=\"widget\" data-widget_type=\"text-editor.default\">\n\t\t\t\t<div class=\"elementor-widget-container\">\n\t\t\t\t\t\t\t\t\t<p>Zdrav\u00edm v\u0161echny p\u0159\u00edznivce no\u010dn\u00ed oblohy !\u00a0<\/p><p>Jmenuji se Marek G. (Maras G.) a jsem amat\u00e9rsk\u00fd astronom.<\/p><p>U\u017e od mali\u010dka m\u011b fascinovala no\u010dn\u00ed obloha, vesm\u00edr, hv\u011bzdy a m\u00fdm kon\u00ed\u010dkem\/snem se stalo astronomick\u00e9 pozorov\u00e1n\u00ed no\u010dn\u00ed oblohy a v neposledn\u00ed \u0159ad\u011b tak\u00e9 jeho focen\u00ed, tzv. astrofotografie.<\/p><p>Od roku 2022 jsem \u010dlenem \u010cesk\u00e9 Astronomick\u00e9 spole\u010dnosti na pobo\u010dce Vyso\u010dina a tak\u00e9 Jihlavsk\u00e9 Astronomick\u00e9 spole\u010dnosti.<\/p><p>Nav\u0161t\u011bvuji r\u016fzn\u00e9 p\u0159edn\u00e1\u0161ky, workshopy, \u0161kolen\u00ed zam\u011b\u0159uj\u00edc\u00ed se na astronomii, ale i tak\u00e9 uskute\u010d\u0148uji astronomick\u00e1 pozorov\u00e1n\u00ed, po\u0159\u00e1d\u00e1m p\u0159edn\u00e1\u0161ky a hlavn\u00edm m\u00fdm c\u00edlem je zachytit ten fascinuj\u00edc\u00ed no\u010dn\u00ed okam\u017eik &#8230;\u00a0<\/p><p>Pod\u00edl\u00edm se tak\u00e9 na popularizov\u00e1n\u00ed astronomie, viz. <a href=\"https:\/\/astro.markware.eu\/?page_id=245\">m\u00e9 p\u0159edn\u00e1\u0161ky<\/a>.<\/p><p>Pokud by se na\u0161el podobn\u00fd, jak n\u00e1m \u0159\u00edkaj\u00ed &#8222;bl\u00e1zni&#8220;, kte\u0159\u00ed nev\u00e1haj\u00ed a celou noc t\u0159eba \u010dekaj\u00ed na ten jeden, by\u0165 i n\u011bkolika-vte\u0159inov\u00fd z\u00e1\u017eitek, aby jej spat\u0159ili \/ zachytili &#8230; tak se ozvi &#8230; viz. kontakt n\u00ed\u017ee.<\/p>\t\t\t\t\t\t\t\t<\/div>\n\t\t\t\t<\/div>\n\t\t\t\t\t<\/div>\n\t\t<\/div>\n\t\t\t\t\t<\/div>\n\t\t<\/section>\n\t\t\t\t<section class=\"elementor-section elementor-top-section elementor-element elementor-element-196c24b elementor-section-boxed elementor-section-height-default elementor-section-height-default\" data-id=\"196c24b\" data-element_type=\"section\" data-e-type=\"section\">\n\t\t\t\t\t\t<div class=\"elementor-container elementor-column-gap-default\">\n\t\t\t\t\t<div class=\"elementor-column elementor-col-100 elementor-top-column elementor-element elementor-element-c5d8242\" data-id=\"c5d8242\" data-element_type=\"column\" data-e-type=\"column\">\n\t\t\t<div class=\"elementor-widget-wrap elementor-element-populated\">\n\t\t\t\t\t\t<div class=\"elementor-element elementor-element-ad40d2e elementor-widget elementor-widget-text-editor\" data-id=\"ad40d2e\" data-element_type=\"widget\" data-e-type=\"widget\" data-widget_type=\"text-editor.default\">\n\t\t\t\t<div class=\"elementor-widget-container\">\n\t\t\t\t\t\t\t\t\t<p><em>A o tomto v\u0161em, m\u00fdch zku\u0161enostech, \u00fasp\u011bch\u016f, ale i jin\u00e9ho je tento blog &#8230;<\/em><\/p>\t\t\t\t\t\t\t\t<\/div>\n\t\t\t\t<\/div>\n\t\t\t\t\t<\/div>\n\t\t<\/div>\n\t\t\t\t\t<\/div>\n\t\t<\/section>\n\t\t\t\t<section class=\"elementor-section elementor-top-section elementor-element elementor-element-a45e489 elementor-section-boxed elementor-section-height-default elementor-section-height-default\" data-id=\"a45e489\" data-element_type=\"section\" data-e-type=\"section\">\n\t\t\t\t\t\t<div class=\"elementor-container elementor-column-gap-default\">\n\t\t\t\t\t<div class=\"elementor-column elementor-col-100 elementor-top-column elementor-element elementor-element-411ea29\" data-id=\"411ea29\" data-element_type=\"column\" data-e-type=\"column\">\n\t\t\t<div class=\"elementor-widget-wrap elementor-element-populated\">\n\t\t\t\t\t\t<div class=\"elementor-element elementor-element-ec3c1a1 elementor-widget elementor-widget-testimonial\" data-id=\"ec3c1a1\" data-element_type=\"widget\" data-e-type=\"widget\" data-widget_type=\"testimonial.default\">\n\t\t\t\t<div class=\"elementor-widget-container\">\n\t\t\t\t\t\t\t<div class=\"elementor-testimonial-wrapper\">\n\t\t\t\t\t\t\t<div class=\"elementor-testimonial-content\">S p\u0159\u00e1n\u00edm \u010dist\u00e9ho nebe (clear skies) ...<\/div>\n\t\t\t\n\t\t\t\t\t\t<div class=\"elementor-testimonial-meta elementor-has-image elementor-testimonial-image-position-aside\">\n\t\t\t\t<div class=\"elementor-testimonial-meta-inner\">\n\t\t\t\t\t\t\t\t\t\t\t<div class=\"elementor-testimonial-image\">\n\t\t\t\t\t\t\t<img loading=\"lazy\" decoding=\"async\" width=\"1280\" height=\"721\" src=\"https:\/\/astro.markware.eu\/wp-content\/uploads\/astro_photo\/2017\/IMG_20170705_224353_ISO 121_1-50 s v f - 2,0_3.5 mm.jpg\" class=\"attachment-full size-full wp-image-24\" alt=\"\" srcset=\"https:\/\/astro.markware.eu\/wp-content\/uploads\/astro_photo\/2017\/IMG_20170705_224353_ISO%20121_1-50%20s%20v%20f%20-%202,0_3.5%20mm.jpg 1280w, https:\/\/astro.markware.eu\/wp-content\/uploads\/astro_photo\/2017\/IMG_20170705_224353_ISO%20121_1-50%20s%20v%20f%20-%202,0_3.5%20mm-300x169.jpg 300w, https:\/\/astro.markware.eu\/wp-content\/uploads\/astro_photo\/2017\/IMG_20170705_224353_ISO%20121_1-50%20s%20v%20f%20-%202,0_3.5%20mm-1024x577.jpg 1024w, https:\/\/astro.markware.eu\/wp-content\/uploads\/astro_photo\/2017\/IMG_20170705_224353_ISO%20121_1-50%20s%20v%20f%20-%202,0_3.5%20mm-768x433.jpg 768w\" sizes=\"(max-width: 1280px) 100vw, 1280px\" \/>\t\t\t\t\t\t<\/div>\n\t\t\t\t\t\n\t\t\t\t\t\t\t\t\t\t<div class=\"elementor-testimonial-details\">\n\t\t\t\t\t\t\t\t\t\t\t\t\t\t<div class=\"elementor-testimonial-name\">Maras G.<\/div>\n\t\t\t\t\t\t\t\t\t\t\t\t\t\t\t\t\t\t\t\t\t\t<div class=\"elementor-testimonial-job\">Amateur astronomer<\/div>\n\t\t\t\t\t\t\t\t\t\t\t\t\t<\/div>\n\t\t\t\t\t\t\t\t\t<\/div>\n\t\t\t<\/div>\n\t\t\t\t\t<\/div>\n\t\t\t\t\t\t<\/div>\n\t\t\t\t<\/div>\n\t\t\t\t\t<\/div>\n\t\t<\/div>\n\t\t\t\t\t<\/div>\n\t\t<\/section>\n\t\t\t\t<section class=\"elementor-section elementor-top-section elementor-element elementor-element-597f641 elementor-section-boxed elementor-section-height-default elementor-section-height-default\" data-id=\"597f641\" data-element_type=\"section\" data-e-type=\"section\">\n\t\t\t\t\t\t<div class=\"elementor-container elementor-column-gap-default\">\n\t\t\t\t\t<div class=\"elementor-column elementor-col-100 elementor-top-column elementor-element elementor-element-4e9995e\" data-id=\"4e9995e\" data-element_type=\"column\" data-e-type=\"column\">\n\t\t\t<div class=\"elementor-widget-wrap elementor-element-populated\">\n\t\t\t\t\t\t<div class=\"elementor-element elementor-element-e391b16 elementor-widget-divider--view-line_icon elementor-view-default elementor-widget-divider--element-align-center elementor-widget elementor-widget-divider\" data-id=\"e391b16\" data-element_type=\"widget\" data-e-type=\"widget\" data-widget_type=\"divider.default\">\n\t\t\t\t<div class=\"elementor-widget-container\">\n\t\t\t\t\t\t\t<div class=\"elementor-divider\">\n\t\t\t<span class=\"elementor-divider-separator\">\n\t\t\t\t\t\t\t<div class=\"elementor-icon elementor-divider__element\">\n\t\t\t\t\t<i aria-hidden=\"true\" class=\"fas fa-info-circle\"><\/i><\/div>\n\t\t\t\t\t\t<\/span>\n\t\t<\/div>\n\t\t\t\t\t\t<\/div>\n\t\t\t\t<\/div>\n\t\t\t\t\t<\/div>\n\t\t<\/div>\n\t\t\t\t\t<\/div>\n\t\t<\/section>\n\t\t\t\t<section class=\"elementor-section elementor-top-section elementor-element elementor-element-a8c4f73 elementor-section-boxed elementor-section-height-default elementor-section-height-default\" data-id=\"a8c4f73\" data-element_type=\"section\" data-e-type=\"section\">\n\t\t\t\t\t\t<div class=\"elementor-container elementor-column-gap-default\">\n\t\t\t\t\t<div class=\"elementor-column elementor-col-100 elementor-top-column elementor-element elementor-element-fa3e356\" data-id=\"fa3e356\" data-element_type=\"column\" data-e-type=\"column\">\n\t\t\t<div class=\"elementor-widget-wrap elementor-element-populated\">\n\t\t\t\t\t\t<div class=\"elementor-element elementor-element-3f1e4b8 elementor-widget elementor-widget-heading\" data-id=\"3f1e4b8\" data-element_type=\"widget\" data-e-type=\"widget\" data-widget_type=\"heading.default\">\n\t\t\t\t<div class=\"elementor-widget-container\">\n\t\t\t\t\t<h5 class=\"elementor-heading-title elementor-size-default\">Zm\u011bny blogu :<\/h5>\t\t\t\t<\/div>\n\t\t\t\t<\/div>\n\t\t\t\t\t<\/div>\n\t\t<\/div>\n\t\t\t\t\t<\/div>\n\t\t<\/section>\n\t\t\t\t<section class=\"elementor-section elementor-top-section elementor-element elementor-element-5ac2f32 elementor-section-boxed elementor-section-height-default elementor-section-height-default\" data-id=\"5ac2f32\" data-element_type=\"section\" data-e-type=\"section\">\n\t\t\t\t\t\t<div class=\"elementor-container elementor-column-gap-default\">\n\t\t\t\t\t<div class=\"elementor-column elementor-col-100 elementor-top-column elementor-element elementor-element-87f08c4\" data-id=\"87f08c4\" data-element_type=\"column\" data-e-type=\"column\">\n\t\t\t<div class=\"elementor-widget-wrap elementor-element-populated\">\n\t\t\t\t\t\t<div class=\"elementor-element elementor-element-7192035 elementor-align-start elementor-icon-list--layout-traditional elementor-list-item-link-full_width elementor-widget elementor-widget-icon-list\" data-id=\"7192035\" data-element_type=\"widget\" data-e-type=\"widget\" data-widget_type=\"icon-list.default\">\n\t\t\t\t<div class=\"elementor-widget-container\">\n\t\t\t\t\t\t\t<ul class=\"elementor-icon-list-items\">\n\t\t\t\t\t\t\t<li class=\"elementor-icon-list-item\">\n\t\t\t\t\t\t\t\t\t\t\t<span class=\"elementor-icon-list-icon\">\n\t\t\t\t\t\t\t<i aria-hidden=\"true\" class=\"fas fa-pen-fancy\"><\/i>\t\t\t\t\t\t<\/span>\n\t\t\t\t\t\t\t\t\t\t<span class=\"elementor-icon-list-text\">10.1.2022: zm\u011bna design-u blogu<\/span>\n\t\t\t\t\t\t\t\t\t<\/li>\n\t\t\t\t\t\t\t\t<li class=\"elementor-icon-list-item\">\n\t\t\t\t\t\t\t\t\t\t\t<span class=\"elementor-icon-list-icon\">\n\t\t\t\t\t\t\t<i aria-hidden=\"true\" class=\"fas fa-charging-station\"><\/i>\t\t\t\t\t\t<\/span>\n\t\t\t\t\t\t\t\t\t\t<span class=\"elementor-icon-list-text\">1.11.2020: spu\u0161t\u011bn\u00ed Astro blogu<\/span>\n\t\t\t\t\t\t\t\t\t<\/li>\n\t\t\t\t\t\t<\/ul>\n\t\t\t\t\t\t<\/div>\n\t\t\t\t<\/div>\n\t\t\t\t\t<\/div>\n\t\t<\/div>\n\t\t\t\t\t<\/div>\n\t\t<\/section>\n\t\t\t\t<\/div>\n\t\t ","protected":false},"excerpt":{"rendered":"<p>Fascinuj\u00edc\u00ed z\u00e1pady slunce, sv\u00edt\u00edc\u00ed oblaka, mystick\u00fd m\u011bs\u00edc, \u010d\u00e1ste\u010dn\u00e9 ale i \u00fapln\u00e9 zatm\u011bn\u00ed m\u011bs\u00edce, sv\u00edt\u00edc\u00ed oblaka, komety, planety, mlhoviny &#8230; Zdrav\u00edm v\u0161echny p\u0159\u00edznivce no\u010dn\u00ed oblohy !\u00a0 Jmenuji se Marek G. (Maras G.) a jsem amat\u00e9rsk\u00fd astronom. U\u017e od mali\u010dka m\u011b fascinovala no\u010dn\u00ed obloha, vesm\u00edr, hv\u011bzdy a m\u00fdm kon\u00ed\u010dkem\/snem se stalo astronomick\u00e9 pozorov\u00e1n\u00ed no\u010dn\u00ed oblohy a v [&hellip;]<\/p>\n","protected":false},"author":1,"featured_media":0,"parent":0,"menu_order":0,"comment_status":"closed","ping_status":"closed","template":"","meta":{"footnotes":""},"class_list":["post-15","page","type-page","status-publish","hentry"],"_links":{"self":[{"href":"https:\/\/astro.markware.eu\/index.php?rest_route=\/wp\/v2\/pages\/15","targetHints":{"allow":["GET"]}}],"collection":[{"href":"https:\/\/astro.markware.eu\/index.php?rest_route=\/wp\/v2\/pages"}],"about":[{"href":"https:\/\/astro.markware.eu\/index.php?rest_route=\/wp\/v2\/types\/page"}],"author":[{"embeddable":true,"href":"https:\/\/astro.markware.eu\/index.php?rest_route=\/wp\/v2\/users\/1"}],"replies":[{"embeddable":true,"href":"https:\/\/astro.markware.eu\/index.php?rest_route=%2Fwp%2Fv2%2Fcomments&post=15"}],"version-history":[{"count":34,"href":"https:\/\/astro.markware.eu\/index.php?rest_route=\/wp\/v2\/pages\/15\/revisions"}],"predecessor-version":[{"id":521,"href":"https:\/\/astro.markware.eu\/index.php?rest_route=\/wp\/v2\/pages\/15\/revisions\/521"}],"wp:attachment":[{"href":"https:\/\/astro.markware.eu\/index.php?rest_route=%2Fwp%2Fv2%2Fmedia&parent=15"}],"curies":[{"name":"wp","href":"https:\/\/api.w.org\/{rel}","templated":true}]}}